{"id":14,"date":"2011-07-14T19:47:05","date_gmt":"2011-07-14T19:47:05","guid":{"rendered":"http:\/\/192.168.9.29\/Development\/TB\/?page_id=14"},"modified":"2026-03-26T17:09:03","modified_gmt":"2026-03-26T17:09:03","slug":"contactos","status":"publish","type":"page","link":"https:\/\/perface.com.pt\/wordpress\/contactos\/","title":{"rendered":"Contactos"},"content":{"rendered":"<p>22 416 07 09<\/p>\n<p style=\"text-align: justify;\">91 345 69 24<\/p>\n<p>Encomendas: <a href=\"mailto:geral@perface.com.pt\">geral@perface.com.pt<\/a><\/p>\n<p>Fatura\u00e7\u00e3o e Acess\u00f3rios: <a href=\"mailto:cristina@perface.com.pt\">cristina@perface.com.pt<\/a><\/p>\n<p>Fatura\u00e7\u00e3o e Lacagens: <a href=\"mailto:jorge@perface.com.pt\">jorge@perface.com.pt<\/a><\/p>\n<p>Fatura\u00e7\u00e3o, Acess\u00f3rios e Expediente Geral: <a href=\"mailto:cristina@perface.com.pt\">joanacosta@perface.com.pt<\/a><\/p>\n<p>Or\u00e7amenta\u00e7\u00e3o e Informa\u00e7\u00f5es t\u00e9cnicas: <a href=\"mailto:hugotiago@perface.com.pt\">hugotiago@perface.com.pt\u00a0<\/a> | <span style=\"color: #5b5b5b;\">91 485 61 37<\/span><\/p>\n<p>Dep. Compras, Pain\u00e9is de Cobertura e Fachadas, Marketing: <a href=\"mailto:vaniamoreira@perface.com.pt\">vaniamoreira@perface.com.pt\u00a0<\/a> | <span style=\"color: #5b5b5b;\">91 048 57 17<\/span><\/p>\n<p>Comercial: <a href=\"mailto:marianasoares@perface.com.pt\">eduardoambrosio@perface.com.pt<\/a> | 91 762 20 13<\/p>\n<p>Ger\u00eancia: <a href=\"mailto:lurdes@perface.com.pt\">lurdes@perface.com.pt<\/a> |\u00a0<a href=\"mailto:manuelmoreira@perface.com.pt\">manuelmoreira@perface.com.pt<\/a><\/p>\n<div style=\"overflow-x: auto;\">\n<p>Em caso de lit\u00edgio o consumidor pode recorrer a uma Entidade de Resolu\u00e7\u00e3o Alternativa de Lit\u00edgios de Consumo:<\/p>\n<p><strong>Centro de Informa\u00e7\u00e3o de Consumo e Arbitragem do Porto<\/strong><\/p>\n<p>Rua Dami\u00e3o de G\u00f3is, 31 \u2013 Loja 6, 4050-225 PORTO<br \/>\nTelef.: 225 508 349<\/p>\n<p>E-mail: <a href=\"mailto:cicap@mail.telepac.pt\">cicap@mail.telepac.pt<\/a><br \/>\n<a href=\"http:\/\/www.cicap.pt\" target=\"_blank\" rel=\"noopener noreferrer\">www.cicap.pt<\/a><\/p>\n<p>Mais informa\u00e7\u00f5es no <a href=\"http:\/\/www.consumidor.pt\" target=\"_blank\" rel=\"noopener noreferrer\">Portal do Consumidor<\/a>.<\/p>\n<\/div>\n","protected":false},"excerpt":{"rendered":"22 416 07 09 91 345 69 24 Encomendas: geral@perface.com.pt Fatura\u00e7\u00e3o e Acess\u00f3rios: cristina@perface.com.pt Fatura\u00e7\u00e3o e Lacagens: jorge@perface.com.pt Fatura\u00e7\u00e3o, Acess\u00f3rios e Expediente Geral: joanacosta@perface.com.pt Or\u00e7amenta\u00e7\u00e3o e Informa\u00e7\u00f5es t\u00e9cnicas: hugotiago@perface.com.pt\u00a0 | 91 485 61 37 Dep. Compras, Pain\u00e9is de Cobertura e Fachadas, Marketing: vaniamoreira@perface.com.pt\u00a0 | 91 048 57 17 Comercial: eduardoambrosio@perface.com.pt | 91 762 20 13 Ger\u00eancia: lurdes@perface.com.pt |\u00a0manuelmoreira@perface.com.pt Em caso&nbsp;<a href=\"https:\/\/perface.com.pt\/wordpress\/contactos\/\" class=\"read-more\">Continue Reading<\/a>","protected":false},"author":1,"featured_media":0,"parent":0,"menu_order":6,"comment_status":"open","ping_status":"closed","template":"page-fullwidth.php","meta":{"footnotes":""},"class_list":["post-14","page","type-page","status-publish","hentry"],"_links":{"self":[{"href":"https:\/\/perface.com.pt\/wordpress\/wp-json\/wp\/v2\/pages\/14","targetHints":{"allow":["GET"]}}],"collection":[{"href":"https:\/\/perface.com.pt\/wordpress\/wp-json\/wp\/v2\/pages"}],"about":[{"href":"https:\/\/perface.com.pt\/wordpress\/wp-json\/wp\/v2\/types\/page"}],"author":[{"embeddable":true,"href":"https:\/\/perface.com.pt\/wordpress\/wp-json\/wp\/v2\/users\/1"}],"replies":[{"embeddable":true,"href":"https:\/\/perface.com.pt\/wordpress\/wp-json\/wp\/v2\/comments?post=14"}],"version-history":[{"count":89,"href":"https:\/\/perface.com.pt\/wordpress\/wp-json\/wp\/v2\/pages\/14\/revisions"}],"predecessor-version":[{"id":3809,"href":"https:\/\/perface.com.pt\/wordpress\/wp-json\/wp\/v2\/pages\/14\/revisions\/3809"}],"wp:attachment":[{"href":"https:\/\/perface.com.pt\/wordpress\/wp-json\/wp\/v2\/media?parent=14"}],"curies":[{"name":"wp","href":"https:\/\/api.w.org\/{rel}","templated":true}]}}